{"id":17448,"date":"2021-12-31T22:06:31","date_gmt":"2021-12-31T22:06:31","guid":{"rendered":"http:\/\/sandbox.iamnow.today\/?p=17448"},"modified":"2022-05-20T14:12:34","modified_gmt":"2022-05-20T14:12:34","slug":"fellow-feline-tete-a-tete","status":"publish","type":"page","link":"https:\/\/sandbox.iamnow.today\/?page_id=17448","title":{"rendered":"Fellow feline t\u00eate-\u00e0-t\u00eate"},"content":{"rendered":"\n<div class=\"wp-block-columns is-layout-flex wp-container-core-columns-is-layout-9d6595d7 wp-block-columns-is-layout-flex\">\n<div class=\"wp-block-column is-layout-flow wp-block-column-is-layout-flow\" style=\"flex-basis:50%\">\n<p><a href=\"http:\/\/sandbox.iamnow.today\/?p=17445\">Previous<\/a><\/p>\n<\/div>\n\n\n\n<div class=\"wp-block-column is-layout-flow wp-block-column-is-layout-flow\" style=\"flex-basis:50%\">\n<p class=\"has-text-align-right\"><a href=\"http:\/\/sandbox.iamnow.today\/?page_id=17468\">Next<\/a><\/p>\n<\/div>\n<\/div>\n\n\n\n<p>December 31, 2021<\/p>\n\n\n\n<p>Do you think Mitsy recognizes a fellow feline&#8230;?<\/p>\n\n\n\n<p>Watching a documentary about snow leopards can turn into real cat TV with Mitsy!<\/p>\n\n\n\n<div class=\"wp-block-image\"><figure class=\"aligncenter size-large\"><img loading=\"lazy\" decoding=\"async\" width=\"1024\" height=\"893\" src=\"http:\/\/sandbox.iamnow.today\/wp-content\/uploads\/2021\/12\/SnowLeopard1-2-1024x893.png\" alt=\"\" class=\"wp-image-17456\" srcset=\"https:\/\/sandbox.iamnow.today\/wp-content\/uploads\/2021\/12\/SnowLeopard1-2-1024x893.png 1024w, https:\/\/sandbox.iamnow.today\/wp-content\/uploads\/2021\/12\/SnowLeopard1-2-300x262.png 300w, https:\/\/sandbox.iamnow.today\/wp-content\/uploads\/2021\/12\/SnowLeopard1-2-768x670.png 768w, https:\/\/sandbox.iamnow.today\/wp-content\/uploads\/2021\/12\/SnowLeopard1-2-665x580.png 665w, https:\/\/sandbox.iamnow.today\/wp-content\/uploads\/2021\/12\/SnowLeopard1-2.png 1502w\" sizes=\"auto, (max-width: 1024px) 100vw, 1024px\" \/><\/figure><\/div>\n\n\n\n<div class=\"wp-block-image\"><figure class=\"aligncenter size-large\"><img loading=\"lazy\" decoding=\"async\" width=\"1024\" height=\"655\" src=\"http:\/\/sandbox.iamnow.today\/wp-content\/uploads\/2021\/12\/SnowLeopard2-1-1024x655.png\" alt=\"\" class=\"wp-image-17457\" srcset=\"https:\/\/sandbox.iamnow.today\/wp-content\/uploads\/2021\/12\/SnowLeopard2-1-1024x655.png 1024w, https:\/\/sandbox.iamnow.today\/wp-content\/uploads\/2021\/12\/SnowLeopard2-1-300x192.png 300w, https:\/\/sandbox.iamnow.today\/wp-content\/uploads\/2021\/12\/SnowLeopard2-1-768x491.png 768w, https:\/\/sandbox.iamnow.today\/wp-content\/uploads\/2021\/12\/SnowLeopard2-1-1536x982.png 1536w, https:\/\/sandbox.iamnow.today\/wp-content\/uploads\/2021\/12\/SnowLeopard2-1-665x425.png 665w, https:\/\/sandbox.iamnow.today\/wp-content\/uploads\/2021\/12\/SnowLeopard2-1.png 1670w\" sizes=\"auto, (max-width: 1024px) 100vw, 1024px\" \/><\/figure><\/div>\n\n\n\n<figure class=\"wp-block-image size-large\"><img loading=\"lazy\" decoding=\"async\" width=\"1024\" height=\"624\" src=\"http:\/\/sandbox.iamnow.today\/wp-content\/uploads\/2021\/12\/SnowLeopard3-1024x624.png\" alt=\"\" class=\"wp-image-17453\" srcset=\"https:\/\/sandbox.iamnow.today\/wp-content\/uploads\/2021\/12\/SnowLeopard3-1024x624.png 1024w, https:\/\/sandbox.iamnow.today\/wp-content\/uploads\/2021\/12\/SnowLeopard3-300x183.png 300w, https:\/\/sandbox.iamnow.today\/wp-content\/uploads\/2021\/12\/SnowLeopard3-768x468.png 768w, https:\/\/sandbox.iamnow.today\/wp-content\/uploads\/2021\/12\/SnowLeopard3-1536x936.png 1536w, https:\/\/sandbox.iamnow.today\/wp-content\/uploads\/2021\/12\/SnowLeopard3-665x405.png 665w, https:\/\/sandbox.iamnow.today\/wp-content\/uploads\/2021\/12\/SnowLeopard3.png 1678w\" sizes=\"auto, (max-width: 1024px) 100vw, 1024px\" \/><\/figure>\n\n\n\n<figure class=\"wp-block-image size-large\"><img loading=\"lazy\" decoding=\"async\" width=\"1024\" height=\"633\" src=\"http:\/\/sandbox.iamnow.today\/wp-content\/uploads\/2021\/12\/SnowLeopard4-1024x633.png\" alt=\"\" class=\"wp-image-17452\" srcset=\"https:\/\/sandbox.iamnow.today\/wp-content\/uploads\/2021\/12\/SnowLeopard4-1024x633.png 1024w, https:\/\/sandbox.iamnow.today\/wp-content\/uploads\/2021\/12\/SnowLeopard4-300x185.png 300w, https:\/\/sandbox.iamnow.today\/wp-content\/uploads\/2021\/12\/SnowLeopard4-768x474.png 768w, https:\/\/sandbox.iamnow.today\/wp-content\/uploads\/2021\/12\/SnowLeopard4-1536x949.png 1536w, https:\/\/sandbox.iamnow.today\/wp-content\/uploads\/2021\/12\/SnowLeopard4-665x411.png 665w, https:\/\/sandbox.iamnow.today\/wp-content\/uploads\/2021\/12\/SnowLeopard4.png 1648w\" sizes=\"auto, (max-width: 1024px) 100vw, 1024px\" \/><\/figure>\n\n\n\n<div class=\"wp-block-image\"><figure class=\"aligncenter size-large\"><img loading=\"lazy\" decoding=\"async\" width=\"1024\" height=\"653\" src=\"http:\/\/sandbox.iamnow.today\/wp-content\/uploads\/2021\/12\/SnowLeopard5-1024x653.png\" alt=\"\" class=\"wp-image-17459\" srcset=\"https:\/\/sandbox.iamnow.today\/wp-content\/uploads\/2021\/12\/SnowLeopard5-1024x653.png 1024w, https:\/\/sandbox.iamnow.today\/wp-content\/uploads\/2021\/12\/SnowLeopard5-300x191.png 300w, https:\/\/sandbox.iamnow.today\/wp-content\/uploads\/2021\/12\/SnowLeopard5-768x489.png 768w, https:\/\/sandbox.iamnow.today\/wp-content\/uploads\/2021\/12\/SnowLeopard5-1536x979.png 1536w, https:\/\/sandbox.iamnow.today\/wp-content\/uploads\/2021\/12\/SnowLeopard5-665x424.png 665w, https:\/\/sandbox.iamnow.today\/wp-content\/uploads\/2021\/12\/SnowLeopard5.png 1704w\" sizes=\"auto, (max-width: 1024px) 100vw, 1024px\" \/><\/figure><\/div>\n\n\n\n<div class=\"wp-block-columns is-layout-flex wp-container-core-columns-is-layout-9d6595d7 wp-block-columns-is-layout-flex\">\n<div class=\"wp-block-column is-layout-flow wp-block-column-is-layout-flow\" style=\"flex-basis:50%\">\n<p><a href=\"http:\/\/sandbox.iamnow.today\/?p=17445\">Previous<\/a><\/p>\n<\/div>\n\n\n\n<div class=\"wp-block-column is-layout-flow wp-block-column-is-layout-flow\" style=\"flex-basis:50%\">\n<p class=\"has-text-align-right\"><a href=\"http:\/\/sandbox.iamnow.today\/?page_id=17468\">Next<\/a><\/p>\n<\/div>\n<\/div>\n","protected":false},"excerpt":{"rendered":"<p>Previous Next December 31, 2021 Do you think Mitsy recognizes a fellow feline&#8230;? Watching a documentary about snow leopards can turn into real cat TV with Mitsy! Previous Next<\/p>\n","protected":false},"author":1,"featured_media":0,"parent":14916,"menu_order":0,"comment_status":"closed","ping_status":"closed","template":"","meta":{"_coblocks_attr":"","_coblocks_dimensions":"","_coblocks_responsive_height":"","_coblocks_accordion_ie_support":"","advgb_blocks_editor_width":"","advgb_blocks_columns_visual_guide":"","_monsterinsights_skip_tracking":false,"_monsterinsights_sitenote_active":false,"_monsterinsights_sitenote_note":"","_monsterinsights_sitenote_category":0,"footnotes":""},"class_list":["post-17448","page","type-page","status-publish","hentry"],"coauthors":[],"author_meta":{"author_link":"https:\/\/sandbox.iamnow.today\/?author=1","display_name":"Nicky"},"relative_dates":{"created":"Posted 4 years ago","modified":"Updated 4 years ago"},"absolute_dates":{"created":"Posted on December 31, 2021","modified":"Updated on May 20, 2022"},"absolute_dates_time":{"created":"Posted on December 31, 2021 10:06 pm","modified":"Updated on May 20, 2022 2:12 pm"},"featured_img_caption":"","featured_img":false,"series_order":"","_links":{"self":[{"href":"https:\/\/sandbox.iamnow.today\/index.php?rest_route=\/wp\/v2\/pages\/17448","targetHints":{"allow":["GET"]}}],"collection":[{"href":"https:\/\/sandbox.iamnow.today\/index.php?rest_route=\/wp\/v2\/pages"}],"about":[{"href":"https:\/\/sandbox.iamnow.today\/index.php?rest_route=\/wp\/v2\/types\/page"}],"author":[{"embeddable":true,"href":"https:\/\/sandbox.iamnow.today\/index.php?rest_route=\/wp\/v2\/users\/1"}],"replies":[{"embeddable":true,"href":"https:\/\/sandbox.iamnow.today\/index.php?rest_route=%2Fwp%2Fv2%2Fcomments&post=17448"}],"version-history":[{"count":7,"href":"https:\/\/sandbox.iamnow.today\/index.php?rest_route=\/wp\/v2\/pages\/17448\/revisions"}],"predecessor-version":[{"id":18243,"href":"https:\/\/sandbox.iamnow.today\/index.php?rest_route=\/wp\/v2\/pages\/17448\/revisions\/18243"}],"up":[{"embeddable":true,"href":"https:\/\/sandbox.iamnow.today\/index.php?rest_route=\/wp\/v2\/pages\/14916"}],"wp:attachment":[{"href":"https:\/\/sandbox.iamnow.today\/index.php?rest_route=%2Fwp%2Fv2%2Fmedia&parent=17448"}],"curies":[{"name":"wp","href":"https:\/\/api.w.org\/{rel}","templated":true}]}}